{"id":564,"date":"2018-04-07T12:18:42","date_gmt":"2018-04-07T10:18:42","guid":{"rendered":"http:\/\/localhost\/invitro-connect-neu\/www\/our-services\/in-vitro-loesungen\/pruefungen-tests\/"},"modified":"2025-08-23T10:23:51","modified_gmt":"2025-08-23T08:23:51","slug":"tests-and-assays","status":"publish","type":"page","link":"https:\/\/www.invitro-connect.com\/en\/our-services\/tests-and-assays\/","title":{"rendered":"Tests and Assays"},"content":{"rendered":"<h2>Welche Tests bieten wir Ihnen?<\/h2>\n<p>Sehr geehrte Kundin, sehr geehrter Kunde,<\/p>\n<p>INVITRO-CONNECT GmbH bietet Ihnen eine grosse Datenbank von diversen Tests f\u00fcr Registrierung und Forschung &amp; Entwicklung f\u00fcr Chemikalien, Pharmazeutische Wirkstoffe, Kosmetika, Biozide, Pflanzenschutzmittel, Medizinprodukte und Tierarzneimittel an, welche meistens unter GLP (Gute Laborpraxis) in einem akkreditierten Pr\u00fcflabor durchgef\u00fchrt werden.<\/p>\n<p>Weiterhin bieten wir Ihnen eine grosse Palette an diversen in vitro-Tests an unter anderem alle in vitro-Pr\u00fcfungen und Tests der ECVAM anerkannten Tierversuchsalternativen.<\/p>\n<p>Von der Entwicklung einer idealen Teststrategie \u00fcber Labor- und Projektkoordination, Study Monitoring, Toxikologische Expertise und GLP-Inspektionen in den Kooperationslaboren. Wir liefern die finalisierten Testberichte inklusive Registrierungs-Dossier \u2013 digital und auf Papier und das weltweit.<br \/>\nProfitieren Sie von unserem vielseitigen Know-how, unseren erfahrenen Kooperationspartnern und einem internationalen, sehr gut organisierten Netzwerk: sorgf\u00e4ltig ausgew\u00e4hlte Experten, Toxikologen und mehr als 80 akkreditierte Pr\u00fcflabore und Dienstleister mit \u00fcber 20 Jahren Erfahrung in der Branche.<\/p>\n<p>INVITRO-CONNECT GmbH stellt gem\u00e4ss Ihren Anforderungen und Bed\u00fcrfnissen f\u00fcr jedes Projekt das passende Kompetenz-Team zusammen. Wir kennen die Labore sowie die Fachleute und beauftragen f\u00fcr jede Einzelleistung diejenigen, die daf\u00fcr am besten geeignet sind. Dadurch k\u00f6nnen wir die hohe Qualit\u00e4t der Ergebnisse gew\u00e4hrleisten.<\/p>\n<p>In unseren Dienstleistungen mit eingeschlossen sind die Projektbetreuung, Labormanagement, Koordination und je nach Bedarf auch das Study Monitoring.<\/p>\n<p>Alle Tests und Dienstleistungen bieten wir Ihnen zum besten Preis- \/ Leistungsverh\u00e4ltnis an.<\/p>\n<p>Gerne sind wir auch Ihr Labortest-Dienstleister, der Ihre Projekte zuverl\u00e4ssig betreut, so wie wir es f\u00fcr viele andere zufriedene Kunden bereits tun.<\/p>\n","protected":false},"excerpt":{"rendered":"<p>Welche Tests bieten wir Ihnen? Sehr geehrte Kundin, sehr geehrter Kunde, INVITRO-CONNECT GmbH bietet Ihnen eine grosse Datenbank von diversen Tests f\u00fcr Registrierung und Forschung &amp; Entwicklung f\u00fcr Chemikalien, Pharmazeutische Wirkstoffe, Kosmetika, Biozide, Pflanzenschutzmittel, Medizinprodukte und Tierarzneimittel an, welche meistens unter GLP (Gute Laborpraxis) in einem akkreditierten Pr\u00fcflabor durchgef\u00fchrt werden. Weiterhin bieten wir Ihnen eine&hellip;<\/p>\n","protected":false},"author":3,"featured_media":0,"parent":549,"menu_order":20,"comment_status":"closed","ping_status":"closed","template":"","meta":{"_acf_changed":false,"footnotes":"","_links_to":"","_links_to_target":""},"class_list":["post-564","page","type-page","status-publish","hentry"],"acf":[],"_links":{"self":[{"href":"https:\/\/www.invitro-connect.com\/en\/wp-json\/wp\/v2\/pages\/564","targetHints":{"allow":["GET"]}}],"collection":[{"href":"https:\/\/www.invitro-connect.com\/en\/wp-json\/wp\/v2\/pages"}],"about":[{"href":"https:\/\/www.invitro-connect.com\/en\/wp-json\/wp\/v2\/types\/page"}],"author":[{"embeddable":true,"href":"https:\/\/www.invitro-connect.com\/en\/wp-json\/wp\/v2\/users\/3"}],"replies":[{"embeddable":true,"href":"https:\/\/www.invitro-connect.com\/en\/wp-json\/wp\/v2\/comments?post=564"}],"version-history":[{"count":16,"href":"https:\/\/www.invitro-connect.com\/en\/wp-json\/wp\/v2\/pages\/564\/revisions"}],"predecessor-version":[{"id":2122,"href":"https:\/\/www.invitro-connect.com\/en\/wp-json\/wp\/v2\/pages\/564\/revisions\/2122"}],"up":[{"embeddable":true,"href":"https:\/\/www.invitro-connect.com\/en\/wp-json\/wp\/v2\/pages\/549"}],"wp:attachment":[{"href":"https:\/\/www.invitro-connect.com\/en\/wp-json\/wp\/v2\/media?parent=564"}],"curies":[{"name":"wp","href":"https:\/\/api.w.org\/{rel}","templated":true}]}}